{"id":77,"date":"2016-07-28T09:47:53","date_gmt":"2016-07-28T13:47:53","guid":{"rendered":"http:\/\/sinttronormat.org.br\/?page_id=77"},"modified":"2021-01-20T18:02:12","modified_gmt":"2021-01-20T22:02:12","slug":"homologacoes","status":"publish","type":"page","link":"https:\/\/sinttronormat.org.br\/?page_id=77","title":{"rendered":"Homologa\u00e7\u00f5es"},"content":{"rendered":"\n<div class=\"wp-block-group\"><div class=\"wp-block-group__inner-container is-layout-flow wp-block-group-is-layout-flow\">\n<div class=\"wp-block-columns is-layout-flex wp-container-core-columns-is-layout-9d6595d7 wp-block-columns-is-layout-flex\">\n<div class=\"wp-block-column is-layout-flow wp-block-column-is-layout-flow\" style=\"flex-basis:100%\">\n<div class=\"wp-block-group\"><div class=\"wp-block-group__inner-container is-layout-flow wp-block-group-is-layout-flow\">\n<p><strong>INFORMA\u00c7\u00d5ES PARA AGENDAMENTOS:<\/strong><\/p>\n\n\n\n<ul class=\"wp-block-list\"><li>Hor\u00e1rio<strong> de atendimento:<\/strong> D\u00e1s 13hs00min \u00e0s 16hs00min.<\/li><li><strong>Dias da Semana:<\/strong> De Segunda-feira \u00e0 Sexta-Feira.<\/li><li><strong>Telefone para Agendamento: (66) 3531 8133 ou chamar no WhatsApp (link inferior \u00e0 direita)<\/strong><\/li><li><strong><a href=\"sinttronormat.recepcao@gmail.com\">E-mail: sinttronormat.recepcao@gmail.com<\/a><\/strong><\/li><\/ul>\n\n\n\n<p><strong>Obs. Os hor\u00e1rios devem ser marcados com um dia de anteced\u00eancia. Toler\u00e2ncia de atraso de 00:05minutos.<\/strong><\/p>\n<\/div><\/div>\n<\/div>\n<\/div>\n<\/div><\/div>\n\n\n<div class=\"wpforms-container wpforms-container-full wpforms-block\" id=\"wpforms-790\"><form id=\"wpforms-form-790\" class=\"wpforms-validate wpforms-form\" data-formid=\"790\" method=\"post\" enctype=\"multipart\/form-data\" action=\"\/index.php?rest_route=%2Fwp%2Fv2%2Fpages%2F77\" data-token=\"fd16ea4397e903636fde3d0d2682c737\" data-token-time=\"1776382685\"><noscript class=\"wpforms-error-noscript\">Ative o JavaScript no seu navegador para preencher este formul\u00e1rio.<\/noscript><div class=\"wpforms-field-container\"><div id=\"wpforms-790-field_3-container\" class=\"wpforms-field wpforms-field-text\" data-field-id=\"3\"><label class=\"wpforms-field-label\" for=\"wpforms-790-field_3\">Raz\u00e3o Social da Empresa <span class=\"wpforms-required-label\">*<\/span><\/label><input type=\"text\" id=\"wpforms-790-field_3\" class=\"wpforms-field-medium wpforms-field-required\" name=\"wpforms[fields][3]\" required><\/div><div id=\"wpforms-790-field_4-container\" class=\"wpforms-field wpforms-field-number\" data-field-id=\"4\"><label class=\"wpforms-field-label\" for=\"wpforms-790-field_4\">N\u00b0 CNPJ <span class=\"wpforms-required-label\">*<\/span><\/label><input type=\"number\" id=\"wpforms-790-field_4\" class=\"wpforms-field-medium wpforms-field-required\" name=\"wpforms[fields][4]\" step=\"any\" required><\/div><div id=\"wpforms-790-field_1-container\" class=\"wpforms-field wpforms-field-email\" data-field-id=\"1\"><label class=\"wpforms-field-label\" for=\"wpforms-790-field_1\">E-mail <span class=\"wpforms-required-label\">*<\/span><\/label><input type=\"email\" id=\"wpforms-790-field_1\" class=\"wpforms-field-medium wpforms-field-required\" name=\"wpforms[fields][1]\" spellcheck=\"false\" required><\/div><div id=\"wpforms-790-field_5-container\" class=\"wpforms-field wpforms-field-number\" data-field-id=\"5\"><label class=\"wpforms-field-label\" for=\"wpforms-790-field_5\">Telefone para Contato <span class=\"wpforms-required-label\">*<\/span><\/label><input type=\"number\" id=\"wpforms-790-field_5\" class=\"wpforms-field-medium wpforms-field-required\" name=\"wpforms[fields][5]\" step=\"any\" required><\/div><div id=\"wpforms-790-field_7-container\" class=\"wpforms-field wpforms-field-name\" data-field-id=\"7\"><label class=\"wpforms-field-label\">Nome do trabalhador <span class=\"wpforms-required-label\">*<\/span><\/label><div class=\"wpforms-field-row wpforms-field-medium\"><div class=\"wpforms-field-row-block wpforms-first wpforms-one-half\"><input type=\"text\" id=\"wpforms-790-field_7\" class=\"wpforms-field-name-first wpforms-field-required\" name=\"wpforms[fields][7][first]\" required><label for=\"wpforms-790-field_7\" class=\"wpforms-field-sublabel after\">Nome<\/label><\/div><div class=\"wpforms-field-row-block wpforms-one-half\"><input type=\"text\" id=\"wpforms-790-field_7-last\" class=\"wpforms-field-name-last wpforms-field-required\" name=\"wpforms[fields][7][last]\" required><label for=\"wpforms-790-field_7-last\" class=\"wpforms-field-sublabel after\">Sobrenome<\/label><\/div><\/div><\/div><div id=\"wpforms-790-field_14-container\" class=\"wpforms-field wpforms-field-select wpforms-field-select-style-classic\" data-field-id=\"14\"><label class=\"wpforms-field-label\" for=\"wpforms-790-field_14\">Data <span class=\"wpforms-required-label\">*<\/span><\/label><select id=\"wpforms-790-field_14\" class=\"wpforms-field-medium wpforms-field-required\" name=\"wpforms[fields][14]\" required=\"required\"><option value=\"21 de janeiro de 2021\"  class=\"choice-1 depth-1\"  >21 de janeiro de 2021<\/option><option value=\"22 de janeiro de 2021\"  class=\"choice-2 depth-1\"  >22 de janeiro de 2021<\/option><option value=\"25 de janeiro de 2021\"  class=\"choice-3 depth-1\"  >25 de janeiro de 2021<\/option><option value=\"26 de janeiro de 2021\"  class=\"choice-4 depth-1\"  >26 de janeiro de 2021<\/option><option value=\"27 de janeiro de 2021\"  class=\"choice-5 depth-1\"  >27 de janeiro de 2021<\/option><option value=\"28 de janeiro de 2021\"  class=\"choice-6 depth-1\"  >28 de janeiro de 2021<\/option><option value=\"29 de janeiro de 2021\"  class=\"choice-7 depth-1\"  >29 de janeiro de 2021<\/option><\/select><\/div><div id=\"wpforms-790-field_15-container\" class=\"wpforms-field wpforms-field-select wpforms-field-select-style-classic\" data-field-id=\"15\"><label class=\"wpforms-field-label\" for=\"wpforms-790-field_15\">Hor\u00e1rio<\/label><select id=\"wpforms-790-field_15\" class=\"wpforms-field-medium\" name=\"wpforms[fields][15]\"><option value=\"13:30\"  class=\"choice-1 depth-1\"  >13:30<\/option><option value=\"14:00\"  class=\"choice-2 depth-1\"  >14:00<\/option><option value=\"14:30\"  class=\"choice-3 depth-1\"  >14:30<\/option><option value=\"15:00\"  class=\"choice-4 depth-1\"  >15:00<\/option><option value=\"15:30\"  class=\"choice-5 depth-1\"  >15:30<\/option><option value=\"16:00\"  class=\"choice-6 depth-1\"  >16:00<\/option><option value=\"16:30\"  class=\"choice-7 depth-1\"  >16:30<\/option><\/select><\/div><\/div><!-- .wpforms-field-container --><div class=\"wpforms-submit-container\" ><input type=\"hidden\" name=\"wpforms[id]\" value=\"790\"><input type=\"hidden\" name=\"page_title\" value=\"\"><input type=\"hidden\" name=\"page_url\" value=\"https:\/\/sinttronormat.org.br\/index.php?rest_route=\/wp\/v2\/pages\/77\"><input type=\"hidden\" name=\"url_referer\" value=\"\"><button type=\"submit\" name=\"wpforms[submit]\" id=\"wpforms-submit-790\" class=\"wpforms-submit\" data-alt-text=\"Enviando...\" data-submit-text=\"Enviar\" aria-live=\"assertive\" value=\"wpforms-submit\">Enviar<\/button><\/div><\/form><\/div>  <!-- .wpforms-container -->\n\n\n<p><strong>DOCUMENTOS OBRIGAT\u00d3RIOS NO ATO DA HOMOLOGA\u00c7\u00c3O<\/strong><\/p>\n\n\n\n<ul class=\"wp-block-list\"><li>Termo de Rescis\u00e3o e Homologa\u00e7\u00e3o de Contrato de Trabalho ( 5 vias)<strong>;<\/strong><\/li><li>Carteira de Trabalho e Previd\u00eancia Social \u2013 CTPS, com as anota\u00e7\u00f5es atualizadas;<\/li><li>Livro ou Ficha de Registro de Empregados, devidamente atualizados;<\/li><li>Notifica\u00e7\u00e3o da demiss\u00e3o, comprovante de aviso pr\u00e9vio, ou do pedido de demiss\u00e3o;<\/li><li>Extrato anal\u00edtico para fins rescis\u00f3rios do FGTS&nbsp; devidamente atualizado;<\/li><li>Comprovante e demonstrativo do recolhimento da multa do <strong>FGTS E GRRF<\/strong><\/li><li>Requerimento do Seguro Desemprego<\/li><li>Exame M\u00e9dico Demissional; <strong>ORIGINAL<\/strong><\/li><li>Chave de Conectividade para liberar o FGTS, com prazo de validade;<\/li><li>Carta de preposto;<\/li><li>Prova banc\u00e1ria de quita\u00e7\u00e3o. Obs. O pagamento das verbas rescis\u00f3rias poder\u00e1 ser efetuado atrav\u00e9s de transfer\u00eancia eletr\u00f4nica ou dep\u00f3sito banc\u00e1rio (direto na boca do caixa) em conta corrente\/poupan\u00e7a do empregado e ordem banc\u00e1ria de pagamento mediante a apresenta\u00e7\u00e3o do comprovante;<\/li><li>Cheque administrativo e dinheiro s\u00f3 ser\u00e3o aceitos no ato da homologa\u00e7\u00e3o, dentro do prazo legal para pagamento;<\/li><li>N\u00e3o ser\u00e3o aceitos recibos, c\u00f3pias de cheques e outros documentos como comprovantes de pagamento das verbas rescis\u00f3rias;<\/li><li>Perfil Profissiogr\u00e1fico Previdenci\u00e1rio;<\/li><li>Em caso de falecimento de Empregado &#8211; Carta de concess\u00e3o do INSS indicando o benefici\u00e1rio (se houver) ou Alvar\u00e1 Judicial (art. 1\u00ba da Lei n\u00ba. 6.858 de 24.11.1980)<\/li><li>Comunica\u00e7\u00e3o de decis\u00e3o do INSS \u2013 Auxilio Doen\u00e7a ou Acidente de Trabalho.<\/li><li>NO CASO DE MENORES DE IDADE (MENORES DE 18 ANOS), \u00c9 NECESS\u00c1RIO O ACOMPANHAMENTO DE PAIS OU RESPONS\u00c1VEIS (DOCUMENTADOS).<\/li><\/ul>\n","protected":false},"excerpt":{"rendered":"<p>INFORMA\u00c7\u00d5ES PARA AGENDAMENTOS: Hor\u00e1rio de atendimento: D\u00e1s 13hs00min \u00e0s 16hs00min. Dias da Semana: De Segunda-feira \u00e0 Sexta-Feira. Telefone para Agendamento: (66) 3531 8133 ou chamar no WhatsApp (link inferior \u00e0 direita) E-mail: sinttronormat.recepcao@gmail.com Obs. Os hor\u00e1rios devem ser marcados com um dia de anteced\u00eancia. Toler\u00e2ncia &hellip; <\/p>\n","protected":false},"author":1,"featured_media":0,"parent":0,"menu_order":0,"comment_status":"closed","ping_status":"closed","template":"","meta":{"_joinchat":[],"footnotes":""},"class_list":["post-77","page","type-page","status-publish","hentry"],"_links":{"self":[{"href":"https:\/\/sinttronormat.org.br\/index.php?rest_route=\/wp\/v2\/pages\/77","targetHints":{"allow":["GET"]}}],"collection":[{"href":"https:\/\/sinttronormat.org.br\/index.php?rest_route=\/wp\/v2\/pages"}],"about":[{"href":"https:\/\/sinttronormat.org.br\/index.php?rest_route=\/wp\/v2\/types\/page"}],"author":[{"embeddable":true,"href":"https:\/\/sinttronormat.org.br\/index.php?rest_route=\/wp\/v2\/users\/1"}],"replies":[{"embeddable":true,"href":"https:\/\/sinttronormat.org.br\/index.php?rest_route=%2Fwp%2Fv2%2Fcomments&post=77"}],"version-history":[{"count":9,"href":"https:\/\/sinttronormat.org.br\/index.php?rest_route=\/wp\/v2\/pages\/77\/revisions"}],"predecessor-version":[{"id":798,"href":"https:\/\/sinttronormat.org.br\/index.php?rest_route=\/wp\/v2\/pages\/77\/revisions\/798"}],"wp:attachment":[{"href":"https:\/\/sinttronormat.org.br\/index.php?rest_route=%2Fwp%2Fv2%2Fmedia&parent=77"}],"curies":[{"name":"wp","href":"https:\/\/api.w.org\/{rel}","templated":true}]}}