{"id":95,"date":"2016-07-28T10:47:17","date_gmt":"2016-07-28T14:47:17","guid":{"rendered":"http:\/\/sinttronormat.org.br\/?page_id=95"},"modified":"2020-12-16T15:39:11","modified_gmt":"2020-12-16T19:39:11","slug":"home-2","status":"publish","type":"page","link":"https:\/\/sinttronormat.org.br\/?page_id=95","title":{"rendered":"Home"},"content":{"rendered":"<div id=\"metaslider-id-124\" style=\"max-width: 1200px; margin: 0 auto;\" class=\"ml-slider-3-108-0 metaslider metaslider-flex metaslider-124 ml-slider ms-theme-default nav-hidden\" role=\"region\" aria-label=\"home\" data-height=\"500\" data-width=\"1200\">\n    <div id=\"metaslider_container_124\">\n        <div id=\"metaslider_124\">\n            <ul class='slides'>\n                <li style=\"display: block; width: 100%;\" class=\"slide-352 ms-image \" aria-roledescription=\"slide\" data-date=\"2018-10-11 14:57:03\" data-filename=\"CORONA2-1-1200x500.jpg\" data-slide-type=\"image\"><a href=\"http:\/\/www.prt23.mpt.mp.br\/informe-se\/noticias-do-mpt-mt\/1487-mpt-emite-nota-tecnica-com-diretrizes-de-vigilancia-em-saude-do-trabalhador-para-evitar-agravamento-da-pandemia\" target=\"_blank\" aria-label=\"View Slide Details\" class=\"metaslider_image_link\"><img loading=\"lazy\" decoding=\"async\" src=\"https:\/\/sinttronormat.org.br\/wp-content\/uploads\/2020\/12\/CORONA2-1-1200x500.jpg\" height=\"500\" width=\"1200\" alt=\"\" class=\"slider-124 slide-352 msDefaultImage\" title=\"CORONA2-1\" \/><\/a><div class=\"caption-wrap\"><div class=\"caption\">MPT emite nota t\u00e9cnica com diretrizes de vigil\u00e2ncia em sa\u00fade do trabalhador para evitar agravamento da pandemia<\/div><\/div><\/li>\n            <\/ul>\n        <\/div>\n        \n    <\/div>\n<\/div>\n","protected":false},"excerpt":{"rendered":"","protected":false},"author":1,"featured_media":0,"parent":0,"menu_order":0,"comment_status":"closed","ping_status":"closed","template":"template-full-width.php","meta":{"_joinchat":[],"footnotes":""},"class_list":["post-95","page","type-page","status-publish","hentry"],"_links":{"self":[{"href":"https:\/\/sinttronormat.org.br\/index.php?rest_route=\/wp\/v2\/pages\/95","targetHints":{"allow":["GET"]}}],"collection":[{"href":"https:\/\/sinttronormat.org.br\/index.php?rest_route=\/wp\/v2\/pages"}],"about":[{"href":"https:\/\/sinttronormat.org.br\/index.php?rest_route=\/wp\/v2\/types\/page"}],"author":[{"embeddable":true,"href":"https:\/\/sinttronormat.org.br\/index.php?rest_route=\/wp\/v2\/users\/1"}],"replies":[{"embeddable":true,"href":"https:\/\/sinttronormat.org.br\/index.php?rest_route=%2Fwp%2Fv2%2Fcomments&post=95"}],"version-history":[{"count":8,"href":"https:\/\/sinttronormat.org.br\/index.php?rest_route=\/wp\/v2\/pages\/95\/revisions"}],"predecessor-version":[{"id":522,"href":"https:\/\/sinttronormat.org.br\/index.php?rest_route=\/wp\/v2\/pages\/95\/revisions\/522"}],"wp:attachment":[{"href":"https:\/\/sinttronormat.org.br\/index.php?rest_route=%2Fwp%2Fv2%2Fmedia&parent=95"}],"curies":[{"name":"wp","href":"https:\/\/api.w.org\/{rel}","templated":true}]}}